{"id":6123,"date":"2025-02-05T15:27:11","date_gmt":"2025-02-05T14:27:11","guid":{"rendered":"https:\/\/www.campeggioparadisocarpegna.com\/appartamenti\/"},"modified":"2025-05-21T12:00:08","modified_gmt":"2025-05-21T10:00:08","slug":"appartamenti","status":"publish","type":"page","link":"https:\/\/www.campeggioparadisocarpegna.com\/de\/appartamenti\/","title":{"rendered":"Appartamenti"},"content":{"rendered":"<section class=\"l-section wpb_row us_custom_18c6c715 height_medium color_primary\"><div class=\"l-section-h i-cf\"><div class=\"g-cols vc_row via_grid cols_1 laptops-cols_inherit tablets-cols_inherit mobiles-cols_1 valign_top type_default stacking_default\"><div class=\"wpb_column vc_column_container\"><div class=\"vc_column-inner\">[vc_custom_heading text=&#8220;Wohnungen&#8220; font_container=&#8220;tag:h1|text_align:left|color:%23FFFFFF&#8220; use_theme_fonts=&#8220;yes&#8220;]<div class=\"wpb_text_column us_custom_6df4bc3a has_text_color\"><div class=\"wpb_wrapper\"><p>Wer auf den Komfort von zu Hause nicht verzichten m\u00f6chte, dem stehen in einem Geb\u00e4ude innerhalb des Campingplatzes 5 gemauerte Apartments zur Verf\u00fcgung.<\/p>\n<\/div><\/div><div class=\"w-separator size_medium\"><\/div><\/div><\/div><\/div><\/div><\/section><section class=\"l-section wpb_row us_custom_f06a8944 height_medium\"><div class=\"l-section-h i-cf\"><div class=\"g-cols vc_row via_grid cols_1-3 laptops-cols_inherit tablets-cols_inherit mobiles-cols_1 valign_top type_default stacking_default\"><div class=\"wpb_column vc_column_container\"><div class=\"vc_column-inner\"><div class=\"wpb_text_column us_custom_793032d7 has_text_color\"><div class=\"wpb_wrapper\"><p><strong>Was wir bieten<\/strong><\/p>\n<\/div><\/div><div class=\"w-separator size_small\"><\/div><div class=\"w-iconbox iconpos_left style_default color_primary align_none no_title\"><div class=\"w-iconbox-icon\" style=\"font-size:1.4rem;\"><i class=\"fas fa-key\"><\/i><\/div><div class=\"w-iconbox-meta\"><div class=\"w-iconbox-text\"><p><strong>5 unabh\u00e4ngige Wohnungen<\/strong><\/p>\n<\/div><\/div><\/div><div class=\"w-separator size_small\"><\/div><div class=\"w-iconbox iconpos_left style_default color_custom align_none no_title\"><div class=\"w-iconbox-icon\" style=\"font-size:1.4rem;--icon-color:#508B92;\"><i class=\"fas fa-bed\"><\/i><\/div><div class=\"w-iconbox-meta\"><div class=\"w-iconbox-text\"><p><strong>1\/2 Schlafzimmer + K\u00fcche<\/strong><\/p>\n<\/div><\/div><\/div><div class=\"w-separator size_small\"><\/div><div class=\"w-iconbox iconpos_left style_default color_custom align_none no_title\"><div class=\"w-iconbox-icon\" style=\"font-size:1.4rem;--icon-color:#F1A32E;\"><i class=\"fas fa-wifi\"><\/i><\/div><div class=\"w-iconbox-meta\"><div class=\"w-iconbox-text\"><p><strong>Kostenloses WLAN<\/strong><\/p>\n<\/div><\/div><\/div><div class=\"w-separator size_small\"><\/div><div class=\"w-iconbox iconpos_left style_default color_custom align_none no_title\"><div class=\"w-iconbox-icon\" style=\"font-size:1.4rem;--icon-color:#E75A32;\"><i class=\"fas fa-tv\"><\/i><\/div><div class=\"w-iconbox-meta\"><div class=\"w-iconbox-text\"><p><strong>Fernseher<\/strong><\/p>\n<\/div><\/div><\/div><div class=\"w-separator size_small\"><\/div><div class=\"w-iconbox iconpos_left style_default color_secondary align_none no_title\"><div class=\"w-iconbox-icon\" style=\"font-size:1.4rem;\"><i class=\"fas fa-temperature-high\"><\/i><\/div><div class=\"w-iconbox-meta\"><div class=\"w-iconbox-text\"><p><strong>Unabh\u00e4ngige Heizung<\/strong><\/p>\n<\/div><\/div><\/div><div class=\"w-separator size_small\"><\/div><div class=\"w-iconbox iconpos_left style_default color_custom align_none no_title\"><div class=\"w-iconbox-icon\" style=\"font-size:1.4rem;--icon-color:#518A92;\"><i class=\"fas fa-shower\"><\/i><\/div><div class=\"w-iconbox-meta\"><div class=\"w-iconbox-text\"><p><strong>Privates Badezimmer<\/strong><\/p>\n<\/div><\/div><\/div><div class=\"w-separator size_medium\"><\/div><div class=\"wpb_text_column us_custom_793032d7 has_text_color\"><div class=\"wpb_wrapper\"><p><strong>Ganzj\u00e4hrig verf\u00fcgbar!<\/strong><\/p>\n<\/div><\/div><div class=\"w-separator size_small\"><\/div><div class=\"wpb_text_column\"><div class=\"wpb_wrapper\"><p>Unser Campingplatz hat Vereinbarungen mit einigen der ausgezeichneten Restaurants in Carpegna, wo Sie ausgezeichnete Gerichte der K\u00fcche der Marken-Romagna genie\u00dfen k\u00f6nnen. Hausgemachte Pasta, Fleisch aus unseren T\u00e4lern, Pilze, Tr\u00fcffel und vor allem der ber\u00fchmte Prosciutto di Carpegna.<\/p>\n<\/div><\/div><\/div><\/div><div class=\"wpb_column vc_column_container\"><div class=\"vc_column-inner\"><div class=\"w-grid type_grid layout_4012 cols_3 pagination_ajax overflow_hidden\" id=\"us_grid_1\" style=\"--columns:3;--gap:0.5rem;\"><style>@media (max-width:1024px){#us_grid_1{--columns:2!important}}@media (max-width:600px){#us_grid_1{--columns:1!important}}.layout_4012 .w-grid-item-h{border-radius:1.5rem}.layout_4012 .usg_post_image_1{}.layout_4012 .w-grid-item-h:focus-within .usg_post_image_1,.layout_4012 .w-grid-item-h:hover .usg_post_image_1{}.layout_4012 .usg_vwrapper_1{position:absolute!important;left:0!important;bottom:0!important;right:0!important;background:linear-gradient(transparent,rgba(30,30,30,0.8))!important;padding:5rem 6% 1.5rem 6%!important}.layout_4012 .usg_post_title_1{color:#fff!important;font-size:1.2rem!important;font-weight:700!important;margin-bottom:0.3rem!important}.layout_4012 .usg_btn_1{font-size:1.2rem!important;padding:0.3em 0.7em 0.3em 0.7em!important}.layout_4012 .usg_post_custom_field_1{color:#E75A32!important;font-size:9px!important;font-weight:600!important;width:max-content!important;border-radius:5em!important;background:#ffffff!important;padding:0.2em 1em 0.2em 1em!important}.layout_4012 .usg_vwrapper_2{padding-left:6%!important;padding-top:4%!important;padding-right:6%!important;position:absolute!important;top:0!important;right:0!important}.layout_4012 .usg_post_custom_field_2{color:#508B92!important;font-size:9px!important;font-weight:600!important;width:max-content!important;border-radius:5em!important;background:#ffffff!important;padding:0.2em 1em 0.2em 1em!important}.layout_4012 .usg_post_custom_field_3{color:var(--color-header-transparent-text-hover)!important;font-size:9px!important;font-weight:600!important;width:max-content!important;border-radius:5em!important;background:#ffffff!important;padding:0.2em 1em 0.2em 1em!important}<\/style><div class=\"w-grid-list\">\t<article class=\"w-grid-item size_1x1 post-6092 hb_accommodation type-hb_accommodation status-publish has-post-thumbnail hentry\" data-id=\"6092\">\r\n\t\t<div class=\"w-grid-item-h\">\r\n\t\t\t\t\t\t\t<a href=\"https:\/\/www.campeggioparadisocarpegna.com\/de\/sistemazioni\/apartment-a1\/\" class=\"w-grid-item-anchor\" aria-label=\"Apartment A1\"><\/a>\r\n\t\t\t\t\t\t<div class=\"w-vwrapper usg_vwrapper_2 attributi-card align_right\" style=\"--vwrapper-gap:0.5rem\"><div class=\"w-post-elm post_custom_field usg_post_custom_field_1 cucina-soggiorno has_text_color type_text cucina__soggiorno color_link_inherit has_border_radius\"><i class=\"fas fa-couch\"><\/i><span class=\"w-post-elm-value\">1<\/span><span class=\"w-post-elm-after\"> K\u00dcCHE | WOHNZIMMER<\/span><\/div><div class=\"w-post-elm post_custom_field usg_post_custom_field_2 has_text_color type_text camere color_link_inherit has_border_radius\"><i class=\"fas fa-bed\"><\/i><span class=\"w-post-elm-value\">2<\/span><span class=\"w-post-elm-after\"> SCHLAFZIMMER<\/span><\/div><div class=\"w-post-elm post_custom_field usg_post_custom_field_3 has_text_color type_text bagni color_link_inherit has_border_radius\"><i class=\"fas fa-shower\"><\/i><span class=\"w-post-elm-value\">1<\/span><span class=\"w-post-elm-after\"> BADEZIMMER<\/span><\/div><\/div><div class=\"w-post-elm post_image usg_post_image_1 has_ratio\"><img loading=\"lazy\" decoding=\"async\" width=\"901\" height=\"601\" src=\"https:\/\/www.campeggioparadisocarpegna.com\/wp-content\/uploads\/2025\/02\/camping_paradiso_carpegna_appartamenti_a1-1.jpg\" class=\"attachment-large size-large wp-post-image\" alt=\"\" \/><div style=\"padding-bottom:100%\"><\/div><\/div><div class=\"w-vwrapper usg_vwrapper_1 valign_bottom\"><div class=\"w-hwrapper usg_hwrapper_2 align_justify valign_bottom\"><h2 class=\"w-post-elm post_title usg_post_title_1 has_text_color entry-title color_link_inherit\">Apartment A1<\/h2><button tabindex=\"-1\" class=\"w-btn us-btn-style_5 usg_btn_1\"><span class=\"w-btn-label\">><\/span><\/button><\/div><\/div>\t\t<\/div>\r\n\t\t\t<\/article>\r\n\t<article class=\"w-grid-item size_1x1 post-6096 hb_accommodation type-hb_accommodation status-publish has-post-thumbnail hentry\" data-id=\"6096\">\r\n\t\t<div class=\"w-grid-item-h\">\r\n\t\t\t\t\t\t\t<a href=\"https:\/\/www.campeggioparadisocarpegna.com\/de\/sistemazioni\/apartment-a4\/\" class=\"w-grid-item-anchor\" aria-label=\"Apartment A4\"><\/a>\r\n\t\t\t\t\t\t<div class=\"w-vwrapper usg_vwrapper_2 attributi-card align_right\" style=\"--vwrapper-gap:0.5rem\"><div class=\"w-post-elm post_custom_field usg_post_custom_field_1 cucina-soggiorno has_text_color type_text cucina__soggiorno color_link_inherit has_border_radius\"><i class=\"fas fa-couch\"><\/i><span class=\"w-post-elm-value\">1<\/span><span class=\"w-post-elm-after\"> K\u00dcCHE | WOHNZIMMER<\/span><\/div><div class=\"w-post-elm post_custom_field usg_post_custom_field_2 has_text_color type_text camere color_link_inherit has_border_radius\"><i class=\"fas fa-bed\"><\/i><span class=\"w-post-elm-value\">2<\/span><span class=\"w-post-elm-after\"> SCHLAFZIMMER<\/span><\/div><div class=\"w-post-elm post_custom_field usg_post_custom_field_3 has_text_color type_text bagni color_link_inherit has_border_radius\"><i class=\"fas fa-shower\"><\/i><span class=\"w-post-elm-value\">1<\/span><span class=\"w-post-elm-after\"> BADEZIMMER<\/span><\/div><\/div><div class=\"w-post-elm post_image usg_post_image_1 has_ratio\"><img loading=\"lazy\" decoding=\"async\" width=\"601\" height=\"901\" src=\"https:\/\/www.campeggioparadisocarpegna.com\/wp-content\/uploads\/2019\/07\/camping_paradiso_carpegna_appartamenti_a4-01.jpg\" class=\"attachment-large size-large wp-post-image\" alt=\"\" \/><div style=\"padding-bottom:100%\"><\/div><\/div><div class=\"w-vwrapper usg_vwrapper_1 valign_bottom\"><div class=\"w-hwrapper usg_hwrapper_2 align_justify valign_bottom\"><h2 class=\"w-post-elm post_title usg_post_title_1 has_text_color entry-title color_link_inherit\">Apartment A4<\/h2><button tabindex=\"-1\" class=\"w-btn us-btn-style_5 usg_btn_1\"><span class=\"w-btn-label\">><\/span><\/button><\/div><\/div>\t\t<\/div>\r\n\t\t\t<\/article>\r\n\t<article class=\"w-grid-item size_1x1 post-6097 hb_accommodation type-hb_accommodation status-publish has-post-thumbnail hentry\" data-id=\"6097\">\r\n\t\t<div class=\"w-grid-item-h\">\r\n\t\t\t\t\t\t\t<a href=\"https:\/\/www.campeggioparadisocarpegna.com\/de\/sistemazioni\/apartment-a5\/\" class=\"w-grid-item-anchor\" aria-label=\"Apartment A5\"><\/a>\r\n\t\t\t\t\t\t<div class=\"w-vwrapper usg_vwrapper_2 attributi-card align_right\" style=\"--vwrapper-gap:0.5rem\"><div class=\"w-post-elm post_custom_field usg_post_custom_field_1 cucina-soggiorno has_text_color type_text cucina__soggiorno color_link_inherit has_border_radius\"><i class=\"fas fa-couch\"><\/i><span class=\"w-post-elm-value\">1<\/span><span class=\"w-post-elm-after\"> K\u00dcCHE | WOHNZIMMER<\/span><\/div><div class=\"w-post-elm post_custom_field usg_post_custom_field_2 has_text_color type_text camere color_link_inherit has_border_radius\"><i class=\"fas fa-bed\"><\/i><span class=\"w-post-elm-value\">2<\/span><span class=\"w-post-elm-after\"> SCHLAFZIMMER<\/span><\/div><div class=\"w-post-elm post_custom_field usg_post_custom_field_3 has_text_color type_text bagni color_link_inherit has_border_radius\"><i class=\"fas fa-shower\"><\/i><span class=\"w-post-elm-value\">1<\/span><span class=\"w-post-elm-after\"> BADEZIMMER<\/span><\/div><\/div><div class=\"w-post-elm post_image usg_post_image_1 has_ratio\"><img loading=\"lazy\" decoding=\"async\" width=\"601\" height=\"901\" src=\"https:\/\/www.campeggioparadisocarpegna.com\/wp-content\/uploads\/2019\/07\/camping_paradiso_carpegna_appartamenti_a5-01.jpg\" class=\"attachment-large size-large wp-post-image\" alt=\"\" \/><div style=\"padding-bottom:100%\"><\/div><\/div><div class=\"w-vwrapper usg_vwrapper_1 valign_bottom\"><div class=\"w-hwrapper usg_hwrapper_2 align_justify valign_bottom\"><h2 class=\"w-post-elm post_title usg_post_title_1 has_text_color entry-title color_link_inherit\">Apartment A5<\/h2><button tabindex=\"-1\" class=\"w-btn us-btn-style_5 usg_btn_1\"><span class=\"w-btn-label\">><\/span><\/button><\/div><\/div>\t\t<\/div>\r\n\t\t\t<\/article>\r\n<\/div><div class=\"w-grid-preloader\">\t<div class=\"g-preloader type_1\">\r\n\t\t<div><\/div>\r\n\t<\/div>\r\n\t<\/div>\t<div class=\"w-grid-json hidden\" onclick='return {&quot;action&quot;:&quot;us_ajax_grid&quot;,&quot;infinite_scroll&quot;:0,&quot;max_num_pages&quot;:1,&quot;pagination&quot;:&quot;ajax&quot;,&quot;template_vars&quot;:{&quot;columns&quot;:&quot;3&quot;,&quot;exclude_items&quot;:&quot;none&quot;,&quot;img_size&quot;:&quot;default&quot;,&quot;ignore_items_size&quot;:0,&quot;items_layout&quot;:&quot;4012&quot;,&quot;items_offset&quot;:&quot;1&quot;,&quot;load_animation&quot;:&quot;none&quot;,&quot;overriding_link&quot;:&quot;%7B%22type%22%3A%22post%22%7D&quot;,&quot;post_id&quot;:0,&quot;query_args&quot;:{&quot;ignore_sticky_posts&quot;:1,&quot;post_type&quot;:&quot;any&quot;,&quot;post__in&quot;:[&quot;391&quot;,&quot;1315&quot;,&quot;1317&quot;,&quot;1319&quot;,&quot;1321&quot;],&quot;posts_per_page&quot;:&quot;5&quot;},&quot;orderby_query_args&quot;:{&quot;orderby&quot;:{&quot;post__in&quot;:&quot;ASC&quot;},&quot;order&quot;:&quot;ASC&quot;},&quot;type&quot;:&quot;grid&quot;,&quot;us_grid_post_type&quot;:&quot;ids&quot;,&quot;us_grid_ajax_index&quot;:1,&quot;us_grid_filter_query_string&quot;:null,&quot;us_grid_index&quot;:1,&quot;page_args&quot;:[],&quot;lang&quot;:&quot;de&quot;}}'><\/div>\r\n\t<\/div><div class=\"w-separator size_huge\"><\/div><\/div><\/div><\/div><\/div><\/section><section class=\"l-section wpb_row us_custom_bf81054c height_huge color_primary with_img\"><div class=\"l-section-img\" role=\"img\" aria-label=\"Bild\" data-img-width=\"1366\" data-img-height=\"768\" style=\"background-image: url(https:\/\/www.campeggioparadisocarpegna.com\/wp-content\/uploads\/2025\/02\/camping_paradiso_carpegna_fiume.jpg);background-position: top center;background-repeat: no-repeat;\"><\/div><div class=\"l-section-h i-cf\"><div class=\"g-cols vc_row via_grid cols_1 laptops-cols_inherit tablets-cols_inherit mobiles-cols_1 valign_bottom type_default stacking_default\"><div class=\"wpb_column vc_column_container\"><div class=\"vc_column-inner\"><div class=\"w-separator size_huge\"><\/div><div class=\"w-separator size_huge\"><\/div><div class=\"w-image align_center\"><div class=\"w-image-h\"><img decoding=\"async\" width=\"200\" height=\"157\" src=\"https:\/\/www.campeggioparadisocarpegna.com\/wp-content\/uploads\/2025\/02\/camping_paradiso_carpegna_logo.png\" class=\"attachment-us_200_200 size-us_200_200\" alt=\"\" loading=\"lazy\" srcset=\"https:\/\/www.campeggioparadisocarpegna.com\/wp-content\/uploads\/2025\/02\/camping_paradiso_carpegna_logo.png 401w, https:\/\/www.campeggioparadisocarpegna.com\/wp-content\/uploads\/2025\/02\/camping_paradiso_carpegna_logo-300x235.png 300w\" sizes=\"auto, (max-width: 200px) 100vw, 200px\" \/><\/div><\/div><div class=\"w-separator size_medium\"><\/div><div class=\"wpb_text_column us_custom_87a86eb4\"><div class=\"wpb_wrapper\"><h3 style=\"text-align: center;\">Der perfekte Urlaub f\u00fcr Ihre Familie,<br \/>\neingebettet in das Gr\u00fcn der Marken<\/h3>\n<\/div><\/div><div class=\"w-separator size_small\"><\/div><div class=\"w-btn-wrapper align_center\"><a class=\"w-btn us-btn-style_2 us_custom_14fc538c\" href=\"de\/reservierungen\"><span class=\"w-btn-label\">Jetzt buchen!<\/span><\/a><\/div><\/div><\/div><\/div><\/div><\/section>\n","protected":false},"excerpt":{"rendered":"CIN-Code: [vc_custom_heading text=\"Apartment A5\" font_container=\"tag:h1|text_align:left\" use_theme_fonts=\"yes\" css=\"%7B%22default%22%3A%7B%22margin-bottom%22%3A%2210px%22%2C%22padding-top%22%3A%223px%22%7D%7D\"]Ab 60 \u20ac pro Nacht G\u00e4stekapazit\u00e4t: Schlafzimmer: Gr\u00f6\u00dfe in m\u00b2: Etage: Beschreibung des ApartmentsDieses Apartment befindet sich im ersten Stock und empf\u00e4ngt Sie mit zwei Balkonen, von denen einer direkt auf den Spielplatz blickt. Es ist ein ruhiger R\u00fcckzugsort, in dem jedes Detail darauf ausgerichtet ist, dass Sie sich...","protected":false},"author":1,"featured_media":5369,"parent":0,"menu_order":0,"comment_status":"closed","ping_status":"closed","template":"","meta":{"_acf_changed":false,"footnotes":""},"class_list":["post-6123","page","type-page","status-publish","has-post-thumbnail","hentry"],"acf":[],"yoast_head":"<!-- This site is optimized with the Yoast SEO plugin v25.9 - https:\/\/yoast.com\/wordpress\/plugins\/seo\/ -->\n<title>Campeggio con appartamenti Marche: casa vacanze in camping<\/title>\n<meta name=\"description\" content=\"Scegli l\u2019alloggio giusto per te: Paradiso \u00e8 il campeggio con appartamenti nelle Marche con soluzioni per famiglie e gruppi. Scopri la struttura.\" \/>\n<meta name=\"robots\" content=\"index, follow, max-snippet:-1, max-image-preview:large, max-video-preview:-1\" \/>\n<link rel=\"canonical\" href=\"https:\/\/www.campeggioparadisocarpegna.com\/de\/appartamenti\/\" \/>\n<meta property=\"og:locale\" content=\"de_DE\" \/>\n<meta property=\"og:type\" content=\"article\" \/>\n<meta property=\"og:title\" content=\"Campeggio con appartamenti Marche: casa vacanze in camping\" \/>\n<meta property=\"og:description\" content=\"Scegli l\u2019alloggio giusto per te: Paradiso \u00e8 il campeggio con appartamenti nelle Marche con soluzioni per famiglie e gruppi. Scopri la struttura.\" \/>\n<meta property=\"og:url\" content=\"https:\/\/www.campeggioparadisocarpegna.com\/de\/appartamenti\/\" \/>\n<meta property=\"og:site_name\" content=\"Camping Paradiso\" \/>\n<meta property=\"article:modified_time\" content=\"2025-05-21T10:00:08+00:00\" \/>\n<meta property=\"og:image\" content=\"https:\/\/www.campeggioparadisocarpegna.com\/wp-content\/uploads\/2025\/03\/camping_paradiso_carpegna_appartamenti-card02.jpg\" \/>\n\t<meta property=\"og:image:width\" content=\"601\" \/>\n\t<meta property=\"og:image:height\" content=\"901\" \/>\n\t<meta property=\"og:image:type\" content=\"image\/jpeg\" \/>\n<meta name=\"twitter:card\" content=\"summary_large_image\" \/>\n<meta name=\"twitter:label1\" content=\"Gesch\u00e4tzte Lesezeit\" \/>\n\t<meta name=\"twitter:data1\" content=\"2\u00a0Minuten\" \/>\n<script type=\"application\/ld+json\" class=\"yoast-schema-graph\">{\"@context\":\"https:\/\/schema.org\",\"@graph\":[{\"@type\":\"WebPage\",\"@id\":\"https:\/\/www.campeggioparadisocarpegna.com\/de\/appartamenti\/\",\"url\":\"https:\/\/www.campeggioparadisocarpegna.com\/de\/appartamenti\/\",\"name\":\"Campeggio con appartamenti Marche: casa vacanze in camping\",\"isPartOf\":{\"@id\":\"https:\/\/www.campeggioparadisocarpegna.com\/#website\"},\"primaryImageOfPage\":{\"@id\":\"https:\/\/www.campeggioparadisocarpegna.com\/de\/appartamenti\/#primaryimage\"},\"image\":{\"@id\":\"https:\/\/www.campeggioparadisocarpegna.com\/de\/appartamenti\/#primaryimage\"},\"thumbnailUrl\":\"https:\/\/www.campeggioparadisocarpegna.com\/wp-content\/uploads\/2025\/03\/camping_paradiso_carpegna_appartamenti-card02.jpg\",\"datePublished\":\"2025-02-05T14:27:11+00:00\",\"dateModified\":\"2025-05-21T10:00:08+00:00\",\"description\":\"Scegli l\u2019alloggio giusto per te: Paradiso \u00e8 il campeggio con appartamenti nelle Marche con soluzioni per famiglie e gruppi. Scopri la struttura.\",\"breadcrumb\":{\"@id\":\"https:\/\/www.campeggioparadisocarpegna.com\/de\/appartamenti\/#breadcrumb\"},\"inLanguage\":\"de\",\"potentialAction\":[{\"@type\":\"ReadAction\",\"target\":[\"https:\/\/www.campeggioparadisocarpegna.com\/de\/appartamenti\/\"]}]},{\"@type\":\"ImageObject\",\"inLanguage\":\"de\",\"@id\":\"https:\/\/www.campeggioparadisocarpegna.com\/de\/appartamenti\/#primaryimage\",\"url\":\"https:\/\/www.campeggioparadisocarpegna.com\/wp-content\/uploads\/2025\/03\/camping_paradiso_carpegna_appartamenti-card02.jpg\",\"contentUrl\":\"https:\/\/www.campeggioparadisocarpegna.com\/wp-content\/uploads\/2025\/03\/camping_paradiso_carpegna_appartamenti-card02.jpg\",\"width\":601,\"height\":901},{\"@type\":\"BreadcrumbList\",\"@id\":\"https:\/\/www.campeggioparadisocarpegna.com\/de\/appartamenti\/#breadcrumb\",\"itemListElement\":[{\"@type\":\"ListItem\",\"position\":1,\"name\":\"Home\",\"item\":\"https:\/\/www.campeggioparadisocarpegna.com\/de\/\"},{\"@type\":\"ListItem\",\"position\":2,\"name\":\"Appartamenti\"}]},{\"@type\":\"WebSite\",\"@id\":\"https:\/\/www.campeggioparadisocarpegna.com\/#website\",\"url\":\"https:\/\/www.campeggioparadisocarpegna.com\/\",\"name\":\"Camping Paradiso\",\"description\":\"\",\"potentialAction\":[{\"@type\":\"SearchAction\",\"target\":{\"@type\":\"EntryPoint\",\"urlTemplate\":\"https:\/\/www.campeggioparadisocarpegna.com\/?s={search_term_string}\"},\"query-input\":{\"@type\":\"PropertyValueSpecification\",\"valueRequired\":true,\"valueName\":\"search_term_string\"}}],\"inLanguage\":\"de\"}]}<\/script>\n<!-- \/ Yoast SEO plugin. -->","yoast_head_json":{"title":"Campeggio con appartamenti Marche: casa vacanze in camping","description":"Scegli l\u2019alloggio giusto per te: Paradiso \u00e8 il campeggio con appartamenti nelle Marche con soluzioni per famiglie e gruppi. Scopri la struttura.","robots":{"index":"index","follow":"follow","max-snippet":"max-snippet:-1","max-image-preview":"max-image-preview:large","max-video-preview":"max-video-preview:-1"},"canonical":"https:\/\/www.campeggioparadisocarpegna.com\/de\/appartamenti\/","og_locale":"de_DE","og_type":"article","og_title":"Campeggio con appartamenti Marche: casa vacanze in camping","og_description":"Scegli l\u2019alloggio giusto per te: Paradiso \u00e8 il campeggio con appartamenti nelle Marche con soluzioni per famiglie e gruppi. Scopri la struttura.","og_url":"https:\/\/www.campeggioparadisocarpegna.com\/de\/appartamenti\/","og_site_name":"Camping Paradiso","article_modified_time":"2025-05-21T10:00:08+00:00","og_image":[{"width":601,"height":901,"url":"https:\/\/www.campeggioparadisocarpegna.com\/wp-content\/uploads\/2025\/03\/camping_paradiso_carpegna_appartamenti-card02.jpg","type":"image\/jpeg"}],"twitter_card":"summary_large_image","twitter_misc":{"Gesch\u00e4tzte Lesezeit":"2\u00a0Minuten"},"schema":{"@context":"https:\/\/schema.org","@graph":[{"@type":"WebPage","@id":"https:\/\/www.campeggioparadisocarpegna.com\/de\/appartamenti\/","url":"https:\/\/www.campeggioparadisocarpegna.com\/de\/appartamenti\/","name":"Campeggio con appartamenti Marche: casa vacanze in camping","isPartOf":{"@id":"https:\/\/www.campeggioparadisocarpegna.com\/#website"},"primaryImageOfPage":{"@id":"https:\/\/www.campeggioparadisocarpegna.com\/de\/appartamenti\/#primaryimage"},"image":{"@id":"https:\/\/www.campeggioparadisocarpegna.com\/de\/appartamenti\/#primaryimage"},"thumbnailUrl":"https:\/\/www.campeggioparadisocarpegna.com\/wp-content\/uploads\/2025\/03\/camping_paradiso_carpegna_appartamenti-card02.jpg","datePublished":"2025-02-05T14:27:11+00:00","dateModified":"2025-05-21T10:00:08+00:00","description":"Scegli l\u2019alloggio giusto per te: Paradiso \u00e8 il campeggio con appartamenti nelle Marche con soluzioni per famiglie e gruppi. Scopri la struttura.","breadcrumb":{"@id":"https:\/\/www.campeggioparadisocarpegna.com\/de\/appartamenti\/#breadcrumb"},"inLanguage":"de","potentialAction":[{"@type":"ReadAction","target":["https:\/\/www.campeggioparadisocarpegna.com\/de\/appartamenti\/"]}]},{"@type":"ImageObject","inLanguage":"de","@id":"https:\/\/www.campeggioparadisocarpegna.com\/de\/appartamenti\/#primaryimage","url":"https:\/\/www.campeggioparadisocarpegna.com\/wp-content\/uploads\/2025\/03\/camping_paradiso_carpegna_appartamenti-card02.jpg","contentUrl":"https:\/\/www.campeggioparadisocarpegna.com\/wp-content\/uploads\/2025\/03\/camping_paradiso_carpegna_appartamenti-card02.jpg","width":601,"height":901},{"@type":"BreadcrumbList","@id":"https:\/\/www.campeggioparadisocarpegna.com\/de\/appartamenti\/#breadcrumb","itemListElement":[{"@type":"ListItem","position":1,"name":"Home","item":"https:\/\/www.campeggioparadisocarpegna.com\/de\/"},{"@type":"ListItem","position":2,"name":"Appartamenti"}]},{"@type":"WebSite","@id":"https:\/\/www.campeggioparadisocarpegna.com\/#website","url":"https:\/\/www.campeggioparadisocarpegna.com\/","name":"Camping Paradiso","description":"","potentialAction":[{"@type":"SearchAction","target":{"@type":"EntryPoint","urlTemplate":"https:\/\/www.campeggioparadisocarpegna.com\/?s={search_term_string}"},"query-input":{"@type":"PropertyValueSpecification","valueRequired":true,"valueName":"search_term_string"}}],"inLanguage":"de"}]}},"_links":{"self":[{"href":"https:\/\/www.campeggioparadisocarpegna.com\/de\/wp-json\/wp\/v2\/pages\/6123","targetHints":{"allow":["GET"]}}],"collection":[{"href":"https:\/\/www.campeggioparadisocarpegna.com\/de\/wp-json\/wp\/v2\/pages"}],"about":[{"href":"https:\/\/www.campeggioparadisocarpegna.com\/de\/wp-json\/wp\/v2\/types\/page"}],"author":[{"embeddable":true,"href":"https:\/\/www.campeggioparadisocarpegna.com\/de\/wp-json\/wp\/v2\/users\/1"}],"replies":[{"embeddable":true,"href":"https:\/\/www.campeggioparadisocarpegna.com\/de\/wp-json\/wp\/v2\/comments?post=6123"}],"version-history":[{"count":2,"href":"https:\/\/www.campeggioparadisocarpegna.com\/de\/wp-json\/wp\/v2\/pages\/6123\/revisions"}],"predecessor-version":[{"id":6333,"href":"https:\/\/www.campeggioparadisocarpegna.com\/de\/wp-json\/wp\/v2\/pages\/6123\/revisions\/6333"}],"wp:featuredmedia":[{"embeddable":true,"href":"https:\/\/www.campeggioparadisocarpegna.com\/de\/wp-json\/wp\/v2\/media\/5369"}],"wp:attachment":[{"href":"https:\/\/www.campeggioparadisocarpegna.com\/de\/wp-json\/wp\/v2\/media?parent=6123"}],"curies":[{"name":"wp","href":"https:\/\/api.w.org\/{rel}","templated":true}]}}